{"id":230,"date":"2025-05-08T04:30:07","date_gmt":"2025-05-08T11:30:07","guid":{"rendered":"https:\/\/childcarechoiceslacounty.org\/acerca-de\/"},"modified":"2025-06-10T18:09:45","modified_gmt":"2025-06-11T01:09:45","slug":"acerca-de","status":"publish","type":"page","link":"https:\/\/childcarechoiceslacounty.org\/es\/acerca-de\/","title":{"rendered":"Acerca de"},"content":{"rendered":"<div class=\"align wp-block-hero\">\n\n  <div class=\"hero-image w-full text-center py-4 lg:py-8\">\n    <img loading=\"lazy\" decoding=\"async\" width=\"1738\" height=\"440\" src=\"https:\/\/childcarechoiceslacounty.org\/app\/uploads\/2025\/05\/128f88180c6d7d8c0ddfae9fb78bdb3a330dfff9.png\" class=\"hero-image__img w-full h-auto object-cover aspect-[2\/1] md:aspect-[3\/1] lg:aspect-auto max-w-full margin-auto\" alt=\"\" srcset=\"https:\/\/childcarechoiceslacounty.org\/app\/uploads\/2025\/05\/128f88180c6d7d8c0ddfae9fb78bdb3a330dfff9.png 1738w, https:\/\/childcarechoiceslacounty.org\/app\/uploads\/2025\/05\/128f88180c6d7d8c0ddfae9fb78bdb3a330dfff9-300x76.png 300w, https:\/\/childcarechoiceslacounty.org\/app\/uploads\/2025\/05\/128f88180c6d7d8c0ddfae9fb78bdb3a330dfff9-1024x259.png 1024w, https:\/\/childcarechoiceslacounty.org\/app\/uploads\/2025\/05\/128f88180c6d7d8c0ddfae9fb78bdb3a330dfff9-768x194.png 768w, https:\/\/childcarechoiceslacounty.org\/app\/uploads\/2025\/05\/128f88180c6d7d8c0ddfae9fb78bdb3a330dfff9-1536x389.png 1536w\" sizes=\"auto, (max-width: 1738px) 100vw, 1738px\" \/>  <\/div>\n\n  <\/div>\n\n<h2 class=\"wp-block-heading has-text-align-center has-blue-color has-text-color has-link-color wp-elements-bfa4217260d3a43d689d1c240e686e46\">Acerca de Child Care Choices<\/h2>\n\n<p>Child Care Choices es una campa\u00f1a creada para ayudar a las familias a comprender y acceder a las opciones de atenci\u00f3n y educaci\u00f3n tempranas (ECE) disponibles en todo el condado de Los \u00c1ngeles para los ni\u00f1os desde su nacimiento hasta los 12 a\u00f1os. Desarrollada por la Oficina del Condado de Los \u00c1ngeles para el Fomento de la Atenci\u00f3n y Educaci\u00f3n Tempranas (OAECE), en colaboraci\u00f3n con Child Care Alliance, First 5 LA, la Oficina de Educaci\u00f3n del Condado de Los \u00c1ngeles (LACOE) y las agencias locales de Recursos y Remisiones, la campa\u00f1a ofrece informaci\u00f3n pr\u00e1ctica y fiable sobre los tipos de atenci\u00f3n infantil disponibles y c\u00f3mo obtener ayuda para pagarla. <br\/><br\/>Tanto si acabas de empezar tu andadura en el cuidado de ni\u00f1os como si est\u00e1s explorando nuevas opciones, Child Care Choices te da la informaci\u00f3n que necesitas para tomar decisiones seguras e informadas para tu familia.<br\/><br\/><strong>Para m\u00e1s informaci\u00f3n sobre la Oficina para el Fomento de la Atenci\u00f3n y Educaci\u00f3n Tempranas (OAECE), visita <a href=\"https:\/\/childcare.lacounty.gov\/\" target=\"_blank\" rel=\"noreferrer noopener\">https:\/\/childcare.lacounty.gov\/<\/a>.<\/strong><\/p>\n\n<p><br\/><br\/><br\/><br\/><\/p>\n\n<h2 class=\"wp-block-heading has-text-align-center md:w-3\/4 lg:w-1\/2 mx-auto mt-8 has-black-color has-text-color has-link-color wp-elements-1faf9d74debaba56689b71a33b505916\">Socios<\/h2>\n<div class=\"container mx-auto py-4 lg:py-8 mb-4 lg:mb-8 xl:py-16 wp-block-partners\" >\n\n  <ul class=\"list-none flex flex-wrap flex-row w-full justify-center\">\n                  <li class=\"m-0 w-1\/2 lg:w-1\/5 flex items-center justify-center\">\n          <div class=\"aspect-[2\/1] overflow-hidden\">\n                          <a href=\"https:\/\/www.ccala.net\/connect-to-child-care\/\" class=\"block w-full h-full\" target=\"_blank\" rel=\"noopener noreferrer\">\n                          <img loading=\"lazy\" decoding=\"async\" width=\"200\" height=\"64\" src=\"https:\/\/childcarechoiceslacounty.org\/app\/uploads\/2025\/05\/CCALA-Logo-1-1.png\" class=\"w-full h-full overflow-contain object-contain object-center p-4 lg:p-2\" alt=\"\" \/>                                        <\/a>\n                      <\/div>\n        <\/li>\n                        <li class=\"m-0 w-1\/2 lg:w-1\/5 flex items-center justify-center\">\n          <div class=\"aspect-[2\/1] overflow-hidden\">\n                          <a href=\"https:\/\/www.first5la.org\/\" class=\"block w-full h-full\" target=\"_blank\" rel=\"noopener noreferrer\">\n                          <img loading=\"lazy\" decoding=\"async\" width=\"196\" height=\"126\" src=\"https:\/\/childcarechoiceslacounty.org\/app\/uploads\/2025\/05\/F5LA_Logo-1-1.png\" class=\"w-full h-full overflow-contain object-contain object-center p-4 lg:p-2\" alt=\"\" \/>                                        <\/a>\n                      <\/div>\n        <\/li>\n                        <li class=\"m-0 w-1\/2 lg:w-1\/5 flex items-center justify-center\">\n          <div class=\"aspect-[2\/1] overflow-hidden\">\n                          <a href=\"https:\/\/lacoe.edu\/\" class=\"block w-full h-full\" target=\"_blank\" rel=\"noopener noreferrer\">\n                          <img loading=\"lazy\" decoding=\"async\" width=\"148\" height=\"106\" src=\"https:\/\/childcarechoiceslacounty.org\/app\/uploads\/2025\/05\/LACOE-Logo-1-1.png\" class=\"w-full h-full overflow-contain object-contain object-center p-4 lg:p-2\" alt=\"\" \/>                                        <\/a>\n                      <\/div>\n        <\/li>\n                        <li class=\"m-0 w-1\/2 lg:w-1\/5 flex items-center justify-center\">\n          <div class=\"aspect-[2\/1] overflow-hidden\">\n                          <a href=\"https:\/\/childcare.lacounty.gov\/\" class=\"block w-full h-full\" target=\"_blank\" rel=\"noopener noreferrer\">\n                          <img loading=\"lazy\" decoding=\"async\" width=\"270\" height=\"54\" src=\"https:\/\/childcarechoiceslacounty.org\/app\/uploads\/2025\/05\/OAECE-Logo-2024-1-1.png\" class=\"w-full h-full overflow-contain object-contain object-center p-4 lg:p-2\" alt=\"\" \/>                                        <\/a>\n                      <\/div>\n        <\/li>\n                        <li class=\"m-0 w-1\/2 lg:w-1\/5 flex items-center justify-center\">\n          <div class=\"aspect-[2\/1] overflow-hidden\">\n                          <a href=\"http:\/\/publichealth.lacounty.gov\/index.htm\" class=\"block w-full h-full\" target=\"_blank\" rel=\"noopener noreferrer\">\n                          <img loading=\"lazy\" decoding=\"async\" width=\"300\" height=\"78\" src=\"https:\/\/childcarechoiceslacounty.org\/app\/uploads\/2025\/05\/LAC-DPH-Logo-Color-1-1-300x78.png\" class=\"w-full h-full overflow-contain object-contain object-center p-4 lg:p-2\" alt=\"\" srcset=\"https:\/\/childcarechoiceslacounty.org\/app\/uploads\/2025\/05\/LAC-DPH-Logo-Color-1-1-300x78.png 300w, https:\/\/childcarechoiceslacounty.org\/app\/uploads\/2025\/05\/LAC-DPH-Logo-Color-1-1.png 368w\" sizes=\"auto, (max-width: 300px) 100vw, 300px\" \/>                                        <\/a>\n                      <\/div>\n        <\/li>\n            <\/ul>\n\n<div>\n  <div class=\"acf-innerblocks-container\"><\/div>\n<\/div>\n\n  <\/div>\n","protected":false},"excerpt":{"rendered":"<p>Acerca de Child Care Choices Child Care Choices es una campa\u00f1a creada para ayudar a las familias a comprender y acceder a las opciones de atenci\u00f3n y educaci\u00f3n tempranas (ECE) disponibles en todo el condado de Los \u00c1ngeles para los ni\u00f1os desde su nacimiento hasta los 12 a\u00f1os. Desarrollada por la Oficina del Condado de &hellip; <a href=\"https:\/\/childcarechoiceslacounty.org\/es\/acerca-de\/\">Continued<\/a><\/p>\n","protected":false},"author":1,"featured_media":0,"parent":0,"menu_order":0,"comment_status":"closed","ping_status":"closed","template":"","meta":{"_acf_changed":false,"inline_featured_image":false,"footnotes":""},"class_list":["post-230","page","type-page","status-publish","hentry"],"acf":[],"_links":{"self":[{"href":"https:\/\/childcarechoiceslacounty.org\/es\/wp-json\/wp\/v2\/pages\/230","targetHints":{"allow":["GET"]}}],"collection":[{"href":"https:\/\/childcarechoiceslacounty.org\/es\/wp-json\/wp\/v2\/pages"}],"about":[{"href":"https:\/\/childcarechoiceslacounty.org\/es\/wp-json\/wp\/v2\/types\/page"}],"author":[{"embeddable":true,"href":"https:\/\/childcarechoiceslacounty.org\/es\/wp-json\/wp\/v2\/users\/1"}],"replies":[{"embeddable":true,"href":"https:\/\/childcarechoiceslacounty.org\/es\/wp-json\/wp\/v2\/comments?post=230"}],"version-history":[{"count":3,"href":"https:\/\/childcarechoiceslacounty.org\/es\/wp-json\/wp\/v2\/pages\/230\/revisions"}],"predecessor-version":[{"id":346,"href":"https:\/\/childcarechoiceslacounty.org\/es\/wp-json\/wp\/v2\/pages\/230\/revisions\/346"}],"wp:attachment":[{"href":"https:\/\/childcarechoiceslacounty.org\/es\/wp-json\/wp\/v2\/media?parent=230"}],"curies":[{"name":"wp","href":"https:\/\/api.w.org\/{rel}","templated":true}]}}