{"id":226,"date":"2025-05-08T04:30:07","date_gmt":"2025-05-08T11:30:07","guid":{"rendered":"https:\/\/childcarechoiceslacounty.org\/ve\/"},"modified":"2025-06-10T18:10:45","modified_gmt":"2025-06-11T01:10:45","slug":"ve","status":"publish","type":"page","link":"https:\/\/childcarechoiceslacounty.org\/vi\/ve\/","title":{"rendered":"V\u1ec1"},"content":{"rendered":"<div class=\"align wp-block-hero\">\n\n  <div class=\"hero-image w-full text-center py-4 lg:py-8\">\n    <img loading=\"lazy\" decoding=\"async\" width=\"1738\" height=\"440\" src=\"https:\/\/childcarechoiceslacounty.org\/app\/uploads\/2025\/05\/128f88180c6d7d8c0ddfae9fb78bdb3a330dfff9.png\" class=\"hero-image__img w-full h-auto object-cover aspect-[2\/1] md:aspect-[3\/1] lg:aspect-auto max-w-full margin-auto\" alt=\"\" srcset=\"https:\/\/childcarechoiceslacounty.org\/app\/uploads\/2025\/05\/128f88180c6d7d8c0ddfae9fb78bdb3a330dfff9.png 1738w, https:\/\/childcarechoiceslacounty.org\/app\/uploads\/2025\/05\/128f88180c6d7d8c0ddfae9fb78bdb3a330dfff9-300x76.png 300w, https:\/\/childcarechoiceslacounty.org\/app\/uploads\/2025\/05\/128f88180c6d7d8c0ddfae9fb78bdb3a330dfff9-1024x259.png 1024w, https:\/\/childcarechoiceslacounty.org\/app\/uploads\/2025\/05\/128f88180c6d7d8c0ddfae9fb78bdb3a330dfff9-768x194.png 768w, https:\/\/childcarechoiceslacounty.org\/app\/uploads\/2025\/05\/128f88180c6d7d8c0ddfae9fb78bdb3a330dfff9-1536x389.png 1536w\" sizes=\"auto, (max-width: 1738px) 100vw, 1738px\" \/>  <\/div>\n\n  <\/div>\n\n<h2 class=\"wp-block-heading has-text-align-center has-blue-color has-text-color has-link-color wp-elements-c06aeaa46aa6f1dc2f84665033e3bd10\">V\u1ec1 L\u1ef1a ch\u1ecdn Ch\u0103m s\u00f3c Tr\u1ebb em<\/h2>\n\n<p>Child Care Choices l\u00e0 chi\u1ebfn d\u1ecbch \u0111\u01b0\u1ee3c t\u1ea1o ra nh\u1eb1m gi\u00fap c\u00e1c gia \u0111\u00ecnh hi\u1ec3u v\u00e0 ti\u1ebfp c\u1eadn c\u00e1c l\u1ef1a ch\u1ecdn ch\u0103m s\u00f3c v\u00e0 gi\u00e1o d\u1ee5c s\u1edbm (ECE) c\u00f3 s\u1eb5n tr\u00ean kh\u1eafp Qu\u1eadn Los Angeles d\u00e0nh cho tr\u1ebb em t\u1eeb khi m\u1edbi sinh \u0111\u1ebfn 12 tu\u1ed5i. \u0110\u01b0\u1ee3c ph\u00e1t tri\u1ec3n b\u1edfi V\u0103n ph\u00f2ng Qu\u1eadn Los Angeles v\u1ec1 Th\u00fac \u0111\u1ea9y Ch\u0103m s\u00f3c v\u00e0 Gi\u00e1o d\u1ee5c S\u1edbm (OAECE), h\u1ee3p t\u00e1c v\u1edbi Child Care Alliance, First 5 LA, V\u0103n ph\u00f2ng Gi\u00e1o d\u1ee5c Qu\u1eadn Los Angeles (LACOE) v\u00e0 c\u00e1c c\u01a1 quan Ngu\u1ed3n l\u1ef1c &amp; Gi\u1edbi thi\u1ec7u \u0111\u1ecba ph\u01b0\u01a1ng, chi\u1ebfn d\u1ecbch cung c\u1ea5p th\u00f4ng tin th\u1ef1c t\u1ebf, \u0111\u00e1ng tin c\u1eady v\u1ec1 c\u00e1c lo\u1ea1i h\u00ecnh ch\u0103m s\u00f3c tr\u1ebb em hi\u1ec7n c\u00f3 v\u00e0 c\u00e1ch nh\u1eadn tr\u1ee3 gi\u00fap \u0111\u1ec3 thanh to\u00e1n cho c\u00e1c d\u1ecbch v\u1ee5 n\u00e0y.<br\/><br\/>Cho d\u00f9 b\u1ea1n m\u1edbi b\u1eaft \u0111\u1ea7u h\u00e0nh tr\u00ecnh ch\u0103m s\u00f3c tr\u1ebb em hay \u0111ang kh\u00e1m ph\u00e1 c\u00e1c l\u1ef1a ch\u1ecdn m\u1edbi, Child Care Choices s\u1ebd cung c\u1ea5p cho b\u1ea1n th\u00f4ng tin c\u1ea7n thi\u1ebft \u0111\u1ec3 \u0111\u01b0a ra quy\u1ebft \u0111\u1ecbnh s\u00e1ng su\u1ed1t v\u00e0 t\u1ef1 tin cho gia \u0111\u00ecnh m\u00ecnh.<br\/><br\/><strong>\u0110\u1ec3 t\u00ecm hi\u1ec3u th\u00eam v\u1ec1 V\u0103n ph\u00f2ng Ph\u00e1t tri\u1ec3n Ch\u0103m s\u00f3c v\u00e0 Gi\u00e1o d\u1ee5c S\u1edbm (OAECE), vui l\u00f2ng truy c\u1eadp <a href=\"https:\/\/childcare.lacounty.gov\/\" target=\"_blank\" rel=\"noreferrer noopener\">https:\/\/childcare.lacounty.gov\/<\/a><\/strong><\/p>\n\n<p><br\/><br\/><br\/><br\/><\/p>\n\n<h2 class=\"wp-block-heading has-text-align-center md:w-3\/4 lg:w-1\/2 mx-auto mt-8 has-black-color has-text-color has-link-color wp-elements-ce43a44a0a3963499152932bae83e565\">\u0110\u1ed1i t\u00e1c<\/h2>\n<div class=\"container mx-auto py-4 lg:py-8 mb-4 lg:mb-8 xl:py-16 wp-block-partners\" >\n\n  <ul class=\"list-none flex flex-wrap flex-row w-full justify-center\">\n                  <li class=\"m-0 w-1\/2 lg:w-1\/5 flex items-center justify-center\">\n          <div class=\"aspect-[2\/1] overflow-hidden\">\n                          <a href=\"https:\/\/www.ccala.net\/connect-to-child-care\/\" class=\"block w-full h-full\" target=\"_blank\" rel=\"noopener noreferrer\">\n                          <img loading=\"lazy\" decoding=\"async\" width=\"200\" height=\"64\" src=\"https:\/\/childcarechoiceslacounty.org\/app\/uploads\/2025\/05\/CCALA-Logo-1-1.png\" class=\"w-full h-full overflow-contain object-contain object-center p-4 lg:p-2\" alt=\"\" \/>                                        <\/a>\n                      <\/div>\n        <\/li>\n                        <li class=\"m-0 w-1\/2 lg:w-1\/5 flex items-center justify-center\">\n          <div class=\"aspect-[2\/1] overflow-hidden\">\n                          <a href=\"https:\/\/www.first5la.org\/\" class=\"block w-full h-full\" target=\"_blank\" rel=\"noopener noreferrer\">\n                          <img loading=\"lazy\" decoding=\"async\" width=\"196\" height=\"126\" src=\"https:\/\/childcarechoiceslacounty.org\/app\/uploads\/2025\/05\/F5LA_Logo-1-1.png\" class=\"w-full h-full overflow-contain object-contain object-center p-4 lg:p-2\" alt=\"\" \/>                                        <\/a>\n                      <\/div>\n        <\/li>\n                        <li class=\"m-0 w-1\/2 lg:w-1\/5 flex items-center justify-center\">\n          <div class=\"aspect-[2\/1] overflow-hidden\">\n                          <a href=\"https:\/\/lacoe.edu\/\" class=\"block w-full h-full\" target=\"_blank\" rel=\"noopener noreferrer\">\n                          <img loading=\"lazy\" decoding=\"async\" width=\"148\" height=\"106\" src=\"https:\/\/childcarechoiceslacounty.org\/app\/uploads\/2025\/05\/LACOE-Logo-1-1.png\" class=\"w-full h-full overflow-contain object-contain object-center p-4 lg:p-2\" alt=\"\" \/>                                        <\/a>\n                      <\/div>\n        <\/li>\n                        <li class=\"m-0 w-1\/2 lg:w-1\/5 flex items-center justify-center\">\n          <div class=\"aspect-[2\/1] overflow-hidden\">\n                          <a href=\"https:\/\/childcare.lacounty.gov\/\" class=\"block w-full h-full\" target=\"_blank\" rel=\"noopener noreferrer\">\n                          <img loading=\"lazy\" decoding=\"async\" width=\"270\" height=\"54\" src=\"https:\/\/childcarechoiceslacounty.org\/app\/uploads\/2025\/05\/OAECE-Logo-2024-1-1.png\" class=\"w-full h-full overflow-contain object-contain object-center p-4 lg:p-2\" alt=\"\" \/>                                        <\/a>\n                      <\/div>\n        <\/li>\n                        <li class=\"m-0 w-1\/2 lg:w-1\/5 flex items-center justify-center\">\n          <div class=\"aspect-[2\/1] overflow-hidden\">\n                          <a href=\"http:\/\/publichealth.lacounty.gov\/index.htm\" class=\"block w-full h-full\" target=\"_blank\" rel=\"noopener noreferrer\">\n                          <img loading=\"lazy\" decoding=\"async\" width=\"300\" height=\"78\" src=\"https:\/\/childcarechoiceslacounty.org\/app\/uploads\/2025\/05\/LAC-DPH-Logo-Color-1-1-300x78.png\" class=\"w-full h-full overflow-contain object-contain object-center p-4 lg:p-2\" alt=\"\" srcset=\"https:\/\/childcarechoiceslacounty.org\/app\/uploads\/2025\/05\/LAC-DPH-Logo-Color-1-1-300x78.png 300w, https:\/\/childcarechoiceslacounty.org\/app\/uploads\/2025\/05\/LAC-DPH-Logo-Color-1-1.png 368w\" sizes=\"auto, (max-width: 300px) 100vw, 300px\" \/>                                        <\/a>\n                      <\/div>\n        <\/li>\n            <\/ul>\n\n<div>\n  <div class=\"acf-innerblocks-container\"><\/div>\n<\/div>\n\n  <\/div>\n","protected":false},"excerpt":{"rendered":"<p>V\u1ec1 L\u1ef1a ch\u1ecdn Ch\u0103m s\u00f3c Tr\u1ebb em Child Care Choices l\u00e0 chi\u1ebfn d\u1ecbch \u0111\u01b0\u1ee3c t\u1ea1o ra nh\u1eb1m gi\u00fap c\u00e1c gia \u0111\u00ecnh hi\u1ec3u v\u00e0 ti\u1ebfp c\u1eadn c\u00e1c l\u1ef1a ch\u1ecdn ch\u0103m s\u00f3c v\u00e0 gi\u00e1o d\u1ee5c s\u1edbm (ECE) c\u00f3 s\u1eb5n tr\u00ean kh\u1eafp Qu\u1eadn Los Angeles d\u00e0nh cho tr\u1ebb em t\u1eeb khi m\u1edbi sinh \u0111\u1ebfn 12 tu\u1ed5i. \u0110\u01b0\u1ee3c ph\u00e1t &hellip; <a href=\"https:\/\/childcarechoiceslacounty.org\/vi\/ve\/\">Continued<\/a><\/p>\n","protected":false},"author":1,"featured_media":0,"parent":0,"menu_order":0,"comment_status":"closed","ping_status":"closed","template":"","meta":{"_acf_changed":false,"inline_featured_image":false,"footnotes":""},"class_list":["post-226","page","type-page","status-publish","hentry"],"acf":[],"_links":{"self":[{"href":"https:\/\/childcarechoiceslacounty.org\/vi\/wp-json\/wp\/v2\/pages\/226","targetHints":{"allow":["GET"]}}],"collection":[{"href":"https:\/\/childcarechoiceslacounty.org\/vi\/wp-json\/wp\/v2\/pages"}],"about":[{"href":"https:\/\/childcarechoiceslacounty.org\/vi\/wp-json\/wp\/v2\/types\/page"}],"author":[{"embeddable":true,"href":"https:\/\/childcarechoiceslacounty.org\/vi\/wp-json\/wp\/v2\/users\/1"}],"replies":[{"embeddable":true,"href":"https:\/\/childcarechoiceslacounty.org\/vi\/wp-json\/wp\/v2\/comments?post=226"}],"version-history":[{"count":4,"href":"https:\/\/childcarechoiceslacounty.org\/vi\/wp-json\/wp\/v2\/pages\/226\/revisions"}],"predecessor-version":[{"id":349,"href":"https:\/\/childcarechoiceslacounty.org\/vi\/wp-json\/wp\/v2\/pages\/226\/revisions\/349"}],"wp:attachment":[{"href":"https:\/\/childcarechoiceslacounty.org\/vi\/wp-json\/wp\/v2\/media?parent=226"}],"curies":[{"name":"wp","href":"https:\/\/api.w.org\/{rel}","templated":true}]}}